{"id":33837,"date":"2025-02-19T10:25:57","date_gmt":"2025-02-19T15:25:57","guid":{"rendered":"https:\/\/www.omnitechlabs.net\/?page_id=33837"},"modified":"2025-02-28T09:30:54","modified_gmt":"2025-02-28T14:30:54","slug":"politica-de-privacidad","status":"publish","type":"page","link":"https:\/\/www.omnitechlabs.net\/es\/politica-de-privacidad\/","title":{"rendered":"Pol\u00edtica de privacidad"},"content":{"rendered":"\t\t<div data-elementor-type=\"wp-page\" data-elementor-id=\"33837\" class=\"elementor elementor-33837 elementor-33800\" data-elementor-post-type=\"page\">\n\t\t\t\t\r\n\t\t<div class=\"default no-position show_shadow rs-sticky-default elementor-element elementor-element-8e4b0f4 e-flex e-con-boxed e-con e-parent\" data-id=\"8e4b0f4\" data-element_type=\"container\" data-e-type=\"container\">\n\t\t\t\t\t<div class=\"e-con-inner\">\n\t\t\r\n\t\t\t\t<div class=\"elementor-element elementor-element-e1ecd1d elementor-widget elementor-widget-heading\" data-id=\"e1ecd1d\" data-element_type=\"widget\" data-e-type=\"widget\" data-widget_type=\"heading.default\">\n\t\t\t\t<div class=\"elementor-widget-container\">\n\t\t\t\t\t<h3 class=\"elementor-heading-title elementor-size-default\">Pol\u00edtica de privacidad<\/h3>\t\t\t\t<\/div>\n\t\t\t\t<\/div>\n\t\t\r\n\t\t\t\t<div class=\"elementor-element elementor-element-ffcd8a9 elementor-widget elementor-widget-text-editor\" data-id=\"ffcd8a9\" data-element_type=\"widget\" data-e-type=\"widget\" data-widget_type=\"text-editor.default\">\n\t\t\t\t<div class=\"elementor-widget-container\">\n\t\t\t\t\t\t\t\t\t<h4 data-fontsize=\"30\" data-lineheight=\"45px\">1. Objetivo y categor\u00edas de datos<\/h4><p>Podemos recopilar o recibir informaci\u00f3n personal para varios fines relacionados con nuestras operaciones comerciales, incluyendo los siguientes:<\/p><p><strong>1.1 Contacto \u2013 Por tel\u00e9fono, correo, correo electr\u00f3nico o formularios web<\/strong> Las siguientes categor\u00edas de datos son recopiladas:<\/p><ul><li>Nombre y apellido<\/li><li>Nombre de la empresa<\/li><li>Direcci\u00f3n de correo electr\u00f3nico<\/li><li>N\u00famero de tel\u00e9fono<\/li><li>Direcci\u00f3n IP<\/li><\/ul><p><u>Per\u00edodo de conservaci\u00f3n:<\/u> Conservaremos estos datos hasta 24 meses despu\u00e9s de la finalizaci\u00f3n del servicio.<\/p><p data-start=\"376\" data-end=\"820\"><strong data-start=\"392\" data-end=\"419\">1.2 Bolet\u00edn informativo<\/strong><br data-start=\"419\" data-end=\"422\" \/>Utilizamos la plataforma MailChimp para procesar las direcciones de correo electr\u00f3nico destinadas a recibir nuestro bolet\u00edn informativo. Cuando env\u00eda su direcci\u00f3n de correo electr\u00f3nico a trav\u00e9s de nuestro formulario de suscripci\u00f3n al bolet\u00edn, esta se env\u00eda directamente al servicio de MailChimp, que guarda su direcci\u00f3n en su propia base de datos. Se recopilan las siguientes categor\u00edas de datos:<\/p><ul data-start=\"822\" data-end=\"855\" data-is-last-node=\"\" data-is-only-node=\"\"><li data-start=\"822\" data-end=\"855\" data-is-last-node=\"\">Direcci\u00f3n de correo electr\u00f3nico<\/li><\/ul><p><strong>1.3 Soporte para servicios o productos solicitados o comprados por un cliente<\/strong> Las siguientes categor\u00edas de datos son recopiladas:<\/p><ul><li>Nombre y apellido<\/li><li>Direcci\u00f3n de correo electr\u00f3nico<\/li><\/ul><p><u>Per\u00edodo de conservaci\u00f3n:<\/u> Conservaremos estos datos hasta 24 meses despu\u00e9s de la finalizaci\u00f3n del servicio.<\/p><p><strong>1.4 Recopilaci\u00f3n y an\u00e1lisis de estad\u00edsticas para la mejora del sitio web<\/strong> Las siguientes categor\u00edas de datos son recopiladas:<\/p><ul><li>Informaci\u00f3n sobre la actividad en Internet, incluyendo, entre otros, el historial de navegaci\u00f3n, historial de b\u00fasqueda e informaci\u00f3n sobre la interacci\u00f3n de un consumidor con un sitio web, una aplicaci\u00f3n o un anuncio en l\u00ednea.<\/li><\/ul><p><u>Per\u00edodo de conservaci\u00f3n:<\/u> Conservaremos estos datos hasta 24 meses despu\u00e9s de la finalizaci\u00f3n del servicio.<\/p><h4 data-fontsize=\"30\" data-lineheight=\"45px\">2. Compartici\u00f3n con otras partes<\/h4><p>Compartimos o divulgamos estos datos solo para los siguientes fines:<\/p><ul><li>Prop\u00f3sito de la transferencia de datos: Contabilidad Pa\u00eds o Estado\/Provincia donde se encuentra este proveedor de servicios: Canad\u00e1<\/li><li>Prop\u00f3sito de la transferencia de datos: Alojamiento web<\/li><li>Pa\u00eds o Estado\/Provincia donde se encuentra este proveedor de servicios: Canad\u00e1<\/li><li>Prop\u00f3sito de la transferencia de datos: Prevenci\u00f3n de bots\/spam<\/li><\/ul><h4 data-fontsize=\"30\" data-lineheight=\"45px\">3. Pr\u00e1cticas de divulgaci\u00f3n<\/h4><p>Divulgaremos informaci\u00f3n personal si lo exige la ley o una orden judicial, en respuesta a un organismo encargado de hacer cumplir la ley, en la medida permitida por otras disposiciones legales, para proporcionar informaci\u00f3n o en el marco de una investigaci\u00f3n sobre un asunto relacionado con la seguridad p\u00fablica.<\/p><p>Si nuestro sitio web u organizaci\u00f3n es adquirida, vendida o sufre una fusi\u00f3n o adquisici\u00f3n, sus datos de contacto pueden ser divulgados a nuestros asesores y posibles compradores, y ser\u00e1n transferidos a los nuevos propietarios.<\/p><h4 data-fontsize=\"30\" data-lineheight=\"45px\">4. C\u00f3mo respondemos a las se\u00f1ales \u00abNo rastrear\u00bb (DNT) y al Control Global de Privacidad<\/h4><p>Nuestro sitio web responde y admite el campo de solicitud del encabezado Do Not Track (DNT). Si activa el DNT en su navegador, sus preferencias nos ser\u00e1n comunicadas a trav\u00e9s del encabezado de solicitud HTTP, y no rastrearemos su comportamiento de navegaci\u00f3n.<\/p><h4 data-fontsize=\"30\" data-lineheight=\"45px\">5. Cookies<\/h4><p>Nuestro sitio web utiliza cookies. Para m\u00e1s informaci\u00f3n sobre las cookies, consulte nuestra Pol\u00edtica de Cookies en nuestra p\u00e1gina <a href=\"https:\/\/www.omnitechlabs.net\/es\/politica-de-cookies\/\">Pol\u00edtica de Cookies<\/a>.<\/p><h4 data-fontsize=\"30\" data-lineheight=\"45px\">6. Seguridad<\/h4><p>Estamos comprometidos con la seguridad de los datos personales. Tomamos medidas de seguridad adecuadas para limitar el uso indebido y el acceso no autorizado a los datos personales. Esto garantiza que solo las personas necesarias tengan acceso a sus datos, que el acceso est\u00e9 protegido y que nuestras medidas de seguridad sean revisadas regularmente.<\/p><h4 data-fontsize=\"30\" data-lineheight=\"45px\">7. Sitios web de terceros<\/h4><p>Esta declaraci\u00f3n de privacidad no se aplica a los sitios web de terceros accesibles a trav\u00e9s de enlaces en nuestro sitio web. No podemos garantizar que estos terceros manejen sus datos personales de manera confiable o segura. Le recomendamos que lea las declaraciones de privacidad de estos sitios web antes de utilizarlos.<\/p><h4 data-fontsize=\"30\" data-lineheight=\"45px\">8. Modificaciones a esta declaraci\u00f3n de privacidad<\/h4><p>Nos reservamos el derecho de realizar modificaciones a esta declaraci\u00f3n de privacidad. Se recomienda revisar esta declaraci\u00f3n regularmente para mantenerse informado sobre posibles cambios. Adem\u00e1s, le informaremos activamente en la medida de lo posible.<\/p><h4 data-fontsize=\"30\" data-lineheight=\"45px\">9. Acceso y modificaci\u00f3n de sus datos<\/h4><p>Si tiene alguna pregunta o desea saber qu\u00e9 datos personales tenemos sobre usted, comun\u00edquese con nosotros. Aseg\u00farese de indicar claramente qui\u00e9n es, para que podamos garantizar que no modificamos ni eliminamos los datos de una persona incorrecta. Proporcionaremos la informaci\u00f3n solicitada solo despu\u00e9s de recibir una solicitud verificable del consumidor. Puede contactarnos utilizando la informaci\u00f3n a continuaci\u00f3n.<\/p><p><strong>9.1 Usted tiene los siguientes derechos con respecto a sus datos personales<\/strong><\/p><ul><li style=\"list-style-type: none;\"><ul><li>Puede solicitar acceso a los datos que procesamos sobre usted.<\/li><li>Puede solicitar un resumen, en un formato de uso com\u00fan, de los datos que procesamos sobre usted.<\/li><li>Puede solicitar la correcci\u00f3n o eliminaci\u00f3n de los datos si son incorrectos o ya no son relevantes. Si corresponde, la informaci\u00f3n modificada se transmitir\u00e1 a terceros que tengan acceso a los datos en cuesti\u00f3n.<\/li><li>Tiene derecho a retirar su consentimiento en cualquier momento, sujeto a restricciones legales o contractuales y con previo aviso razonable. Se le informar\u00e1 sobre las consecuencias de dicha retirada.<\/li><li>Tiene derecho a presentar una queja sobre el incumplimiento de nuestra organizaci\u00f3n con la Ley de Protecci\u00f3n de Informaci\u00f3n Personal y Documentos Electr\u00f3nicos (PIPEDA) y, si el problema no se resuelve, informarlo a la Oficina del Comisionado de Privacidad de Canad\u00e1.<\/li><li>Proporcionaremos acceso a la informaci\u00f3n personal en un formato alternativo a una persona con discapacidad sensorial que tenga derecho a acceder a la informaci\u00f3n personal bajo PIPEDA y que solicite que se le proporcione en un formato alternativo si (a) ya existe una versi\u00f3n de la informaci\u00f3n en ese formato; o (b) su conversi\u00f3n a ese formato es razonable y necesaria para permitir que la persona ejerza sus derechos.<\/li><\/ul><\/li><\/ul><p><b>Informaci\u00f3n de contacto:<\/b><br \/>Omnitech Labs<br \/>215, boul. du S\u00e9minaire Sud, bur. 1305<br \/>Saint-Jean-sur-Richelieu (Qc) J3B 8W1<\/p><p>Sitio web: <a href=\"https:\/\/omnitechlabs.net\">https:\/\/omnitechlabs.net<\/a><br \/>Correo electr\u00f3nico: <a href=\"mailto:info&#64;&#111;&#109;&#110;&#105;&#116;&#101;&#99;&#104;&#108;&#97;&#98;&#115;&#46;&#110;&#101;&#x74;\">&#x69;&#110;&#x66;&#x6f;&#64;&#x6f;&#109;n&#x69;&#116;e&#x63;&#104;l&#x61;&#98;s&#x2e;&#110;&#x65;&#x74;<\/a><br \/>N\u00famero de tel\u00e9fono: <a href=\"tel:14503590891\">450 359-0891<\/a><\/p><p>Hemos designado a una persona de contacto para las pol\u00edticas y pr\u00e1cticas de la organizaci\u00f3n, a quien se pueden dirigir quejas o consultas:<\/p><p>Manon Charbonneau, <br \/>VP Sistemas cl\u00ednicos <br \/><a href=\"&#x6d;&#x61;&#105;lt&#x6f;&#x3a;&#112;&#114;o&#x74;&#x65;&#99;&#116;i&#x6f;&#x6e;&#x40;&#111;mn&#x69;&#x74;&#101;&#99;h&#x6c;&#x61;&#98;&#115;&#46;&#x6e;&#x65;&#116;\">p&#114;&#x6f;&#x74;e&#99;&#116;&#x69;&#x6f;n&#64;&#111;&#x6d;&#x6e;i&#116;&#x65;&#x63;&#x68;l&#97;&#x62;&#x73;&#46;&#110;&#101;&#x74;<\/a>\u00a0\u00a0<\/p>\t\t\t\t\t\t\t\t<\/div>\n\t\t\t\t<\/div>\n\t\t\t\t\t<\/div>\n\t\t\t\t<\/div>\n\t\t\t\t<\/div>\n\t\t","protected":false},"excerpt":{"rendered":"<p>Pol\u00edtica de privacidad 1. Objetivo y categor\u00edas de datos Podemos recopilar o recibir informaci\u00f3n personal para varios fines relacionados con nuestras operaciones comerciales, incluyendo los siguientes: 1.1 Contacto \u2013 Por tel\u00e9fono, correo, correo electr\u00f3nico o formularios web Las siguientes categor\u00edas de datos son recopiladas: Nombre y apellido Nombre de la empresa Direcci\u00f3n de correo electr\u00f3nico&#8230;<\/p>\n","protected":false},"author":1,"featured_media":0,"parent":0,"menu_order":0,"comment_status":"closed","ping_status":"closed","template":"","meta":{"_acf_changed":false,"footnotes":""},"class_list":["post-33837","page","type-page","status-publish","hentry"],"acf":[],"_links":{"self":[{"href":"https:\/\/www.omnitechlabs.net\/es\/wp-json\/wp\/v2\/pages\/33837","targetHints":{"allow":["GET"]}}],"collection":[{"href":"https:\/\/www.omnitechlabs.net\/es\/wp-json\/wp\/v2\/pages"}],"about":[{"href":"https:\/\/www.omnitechlabs.net\/es\/wp-json\/wp\/v2\/types\/page"}],"author":[{"embeddable":true,"href":"https:\/\/www.omnitechlabs.net\/es\/wp-json\/wp\/v2\/users\/1"}],"replies":[{"embeddable":true,"href":"https:\/\/www.omnitechlabs.net\/es\/wp-json\/wp\/v2\/comments?post=33837"}],"version-history":[{"count":13,"href":"https:\/\/www.omnitechlabs.net\/es\/wp-json\/wp\/v2\/pages\/33837\/revisions"}],"predecessor-version":[{"id":33907,"href":"https:\/\/www.omnitechlabs.net\/es\/wp-json\/wp\/v2\/pages\/33837\/revisions\/33907"}],"wp:attachment":[{"href":"https:\/\/www.omnitechlabs.net\/es\/wp-json\/wp\/v2\/media?parent=33837"}],"curies":[{"name":"wp","href":"https:\/\/api.w.org\/{rel}","templated":true}]}}