{"id":32737,"date":"2024-11-21T15:48:37","date_gmt":"2024-11-21T20:48:37","guid":{"rendered":"https:\/\/www.omnitechlabs.net\/?page_id=32737"},"modified":"2025-02-20T09:30:07","modified_gmt":"2025-02-20T14:30:07","slug":"asociados","status":"publish","type":"page","link":"https:\/\/www.omnitechlabs.net\/es\/asociados\/","title":{"rendered":"Asociados"},"content":{"rendered":"\t\t<div data-elementor-type=\"wp-page\" data-elementor-id=\"32737\" class=\"elementor elementor-32737 elementor-29534\" data-elementor-post-type=\"page\">\n\t\t\t\t\r\n\t\t<div class=\"default no-position show_shadow rs-sticky-default elementor-element elementor-element-53aebf8 rs-default-section-color e-flex e-con-boxed e-con e-parent\" data-id=\"53aebf8\" data-element_type=\"container\" data-e-type=\"container\">\n\t\t\t\t\t<div class=\"e-con-inner\">\n\t\t\r\n\t\t<div class=\"default no-position show_shadow rs-sticky-default elementor-element elementor-element-33ea08c e-con-full e-flex e-con e-child\" data-id=\"33ea08c\" data-element_type=\"container\" data-e-type=\"container\">\n\t\t\r\n\t\t\t\t<div class=\"elementor-element elementor-element-05200cc elementor-widget elementor-widget-image\" data-id=\"05200cc\" data-element_type=\"widget\" data-e-type=\"widget\" data-widget_type=\"image.default\">\n\t\t\t\t<div class=\"elementor-widget-container\">\n\t\t\t\t\t\t\t\t\t\t\t\t\t\t\t\t<a href=\"https:\/\/datainnovations.com\/\" target=\"_blank\">\n\t\t\t\t\t\t\t<img decoding=\"async\" width=\"300\" height=\"49\" src=\"https:\/\/www.omnitechlabs.net\/wp-content\/uploads\/2024\/11\/logo-data-innovations.png\" class=\"elementor-animation-grow attachment-full size-full wp-image-32108\" alt=\"\" \/>\t\t\t\t\t\t\t\t<\/a>\n\t\t\t\t\t\t\t\t\t\t\t\t\t\t\t<\/div>\n\t\t\t\t<\/div>\n\t\t\r\n\t\t\t\t<div class=\"elementor-element elementor-element-af5946a elementor-widget elementor-widget-image\" data-id=\"af5946a\" data-element_type=\"widget\" data-e-type=\"widget\" data-widget_type=\"image.default\">\n\t\t\t\t<div class=\"elementor-widget-container\">\n\t\t\t\t\t\t\t\t\t\t\t\t\t\t\t<img decoding=\"async\" width=\"300\" height=\"46\" src=\"https:\/\/www.omnitechlabs.net\/wp-content\/uploads\/2024\/11\/logo-instrument-manager.png\" class=\"attachment-full size-full wp-image-32110\" alt=\"\" \/>\t\t\t\t\t\t\t\t\t\t\t\t\t\t\t<\/div>\n\t\t\t\t<\/div>\n\t\t\t\t<\/div>\n\t\t\r\n\t\t<div class=\"default no-position show_shadow rs-sticky-default elementor-element elementor-element-4765364 e-con-full e-flex e-con e-child\" data-id=\"4765364\" data-element_type=\"container\" data-e-type=\"container\">\n\t\t\r\n\t\t\t\t<div class=\"elementor-element elementor-element-8a7f7cb elementor-vertical-align-top elementor-widget elementor-widget-image-box\" data-id=\"8a7f7cb\" data-element_type=\"widget\" data-e-type=\"widget\" data-widget_type=\"image-box.default\">\n\t\t\t\t<div class=\"elementor-widget-container\">\n\t\t\t\t\t<div class=\"elementor-image-box-wrapper\"><div class=\"elementor-image-box-content\"><h3 class=\"elementor-image-box-title\"> Data Innovations ofrece el software intermediario Instrument Manager, el cual est\u00e1 integrado a OMNI-Lab<\/h3><p class=\"elementor-image-box-description\">\u00a1Data Innovations es el l\u00edder mundial en la interconexi\u00f3n de instrumentos en todas las disciplinas! Su software intermediario, Instrument Manager, permite que los instrumentos contin\u00faen el an\u00e1lisis y la producci\u00f3n de resultados aunque el SIL est\u00e9 en mantenimiento. Adem\u00e1s, su gran capacidad de procesamiento se ha puesto a prueba: uno de sus clientes en los Estados Unidos lo usa para procesar m\u00e1s de 3 millones de pruebas (o m\u00e1s de 220.000 espec\u00edmenes) en 10 horas con un servidor \u00fanico. En cualquier caso, usted recibir\u00e1 el mejor software intermediario en la industria.<\/p><\/div><\/div>\t\t\t\t<\/div>\n\t\t\t\t<\/div>\n\t\t\r\n\t\t\t\t<div class=\"elementor-element elementor-element-d95e920 elementor-widget elementor-widget-rs-button\" data-id=\"d95e920\" data-element_type=\"widget\" data-e-type=\"widget\" data-widget_type=\"rs-button.default\">\n\t\t\t\t<div class=\"elementor-widget-container\">\n\t\t\t\t\t\t\t<div class=\"rs-button style1\">\r\n\t\t\t\t\t\t<a class=\"rs-btn\" href=\"https:\/\/datainnovations.com\/\" target=_blank>\t\r\n\t\t\t\t<span>Ver Data Innovations \r\n\t\t\t\t\t\t\t\t\t<em>\r\n\t\t\t\t\t\t<i aria-hidden=\"true\" class=\"ri-arrow-right-line\"><\/i>\t\t\t\t\t\t<i aria-hidden=\"true\" class=\"ri-arrow-right-line\"><\/i>\t\t\t\t\t<\/em>\t\r\n\t\t\t\t\t\t\t\t<\/span>\r\n\t\t\t<\/a>\r\n\t\t<\/div>\r\n\t\t\t\t<\/div>\n\t\t\t\t<\/div>\n\t\t\t\t<\/div>\n\t\t\t\t\t<\/div>\n\t\t\t\t<\/div>\n\t\t\r\n\t\t<div class=\"default no-position show_shadow rs-sticky-default elementor-element elementor-element-a93dfe8 e-flex e-con-boxed e-con e-parent\" data-id=\"a93dfe8\" data-element_type=\"container\" data-e-type=\"container\">\n\t\t\t\t\t<div class=\"e-con-inner\">\n\t\t\r\n\t\t<div class=\"default no-position show_shadow rs-sticky-default elementor-element elementor-element-8619b30 e-con-full e-flex e-con e-child\" data-id=\"8619b30\" data-element_type=\"container\" data-e-type=\"container\">\n\t\t\r\n\t\t\t\t<div class=\"elementor-element elementor-element-dd65b03 elementor-widget elementor-widget-image\" data-id=\"dd65b03\" data-element_type=\"widget\" data-e-type=\"widget\" data-widget_type=\"image.default\">\n\t\t\t\t<div class=\"elementor-widget-container\">\n\t\t\t\t\t\t\t\t\t\t\t\t\t\t\t\t<a href=\"https:\/\/www.bio-rad.com\/\" target=\"_blank\">\n\t\t\t\t\t\t\t<img decoding=\"async\" width=\"299\" height=\"82\" src=\"https:\/\/www.omnitechlabs.net\/wp-content\/uploads\/2024\/11\/biorad.png\" class=\"elementor-animation-grow attachment-full size-full wp-image-32112\" alt=\"\" \/>\t\t\t\t\t\t\t\t<\/a>\n\t\t\t\t\t\t\t\t\t\t\t\t\t\t\t<\/div>\n\t\t\t\t<\/div>\n\t\t\t\t<\/div>\n\t\t\r\n\t\t<div class=\"default no-position show_shadow rs-sticky-default elementor-element elementor-element-59073e5 e-con-full e-flex e-con e-child\" data-id=\"59073e5\" data-element_type=\"container\" data-e-type=\"container\">\n\t\t\r\n\t\t\t\t<div class=\"elementor-element elementor-element-ee2941c elementor-vertical-align-top elementor-widget elementor-widget-image-box\" data-id=\"ee2941c\" data-element_type=\"widget\" data-e-type=\"widget\" data-widget_type=\"image-box.default\">\n\t\t\t\t<div class=\"elementor-widget-container\">\n\t\t\t\t\t<div class=\"elementor-image-box-wrapper\"><div class=\"elementor-image-box-content\"><h3 class=\"elementor-image-box-title\">Bio-Rad ofrece el sistema de gesti\u00f3n del control de la calidad con funciones avanzadas Unity Real Time, el cual est\u00e1 integrado a OMNI-Lab (opcional)  <\/h3><p class=\"elementor-image-box-description\">Durante m\u00e1s de 30 a\u00f1os, Bio-Rad ha estado a la vanguardia del desarrollo de sistemas de control de la calidad para laboratorios m\u00e9dicos en todo el mundo. La compa\u00f1\u00eda se enorgullece de ofrecer una gama de productos que favorecen el progreso en los laboratorios cl\u00ednicos y la eficiencia en las pruebas de calidad y en los an\u00e1lisis.<br><br>\n\nGesti\u00f3n estricta de datos de CC:<br>\n\nGracias a las tecnolog\u00edas avanzadas y a la gesti\u00f3n eficaz de la informaci\u00f3n, Bio-Rad constituye el mejor proveedor de soluciones de conectividad y de instrumentos efectivos, lo que permite a los laboratorios garantizar la fiabilidad de sus sistemas de an\u00e1lisis.<\/p><\/div><\/div>\t\t\t\t<\/div>\n\t\t\t\t<\/div>\n\t\t\r\n\t\t\t\t<div class=\"elementor-element elementor-element-8a482ce elementor-widget elementor-widget-rs-button\" data-id=\"8a482ce\" data-element_type=\"widget\" data-e-type=\"widget\" data-widget_type=\"rs-button.default\">\n\t\t\t\t<div class=\"elementor-widget-container\">\n\t\t\t\t\t\t\t<div class=\"rs-button style1\">\r\n\t\t\t\t\t\t<a class=\"rs-btn\" href=\"https:\/\/www.bio-rad.com\/\" target=_blank>\t\r\n\t\t\t\t<span>Ver Bio-Rad \r\n\t\t\t\t\t\t\t\t\t<em>\r\n\t\t\t\t\t\t<i aria-hidden=\"true\" class=\"ri-arrow-right-line\"><\/i>\t\t\t\t\t\t<i aria-hidden=\"true\" class=\"ri-arrow-right-line\"><\/i>\t\t\t\t\t<\/em>\t\r\n\t\t\t\t\t\t\t\t<\/span>\r\n\t\t\t<\/a>\r\n\t\t<\/div>\r\n\t\t\t\t<\/div>\n\t\t\t\t<\/div>\n\t\t\t\t<\/div>\n\t\t\t\t\t<\/div>\n\t\t\t\t<\/div>\n\t\t\r\n\t\t<div class=\"default no-position show_shadow rs-sticky-default elementor-element elementor-element-28bdff1 e-flex e-con-boxed e-con e-parent\" data-id=\"28bdff1\" data-element_type=\"container\" data-e-type=\"container\">\n\t\t\t\t\t<div class=\"e-con-inner\">\n\t\t\r\n\t\t<div class=\"default no-position show_shadow rs-sticky-default elementor-element elementor-element-2927743 e-con-full e-flex e-con e-child\" data-id=\"2927743\" data-element_type=\"container\" data-e-type=\"container\">\n\t\t\r\n\t\t\t\t<div class=\"elementor-element elementor-element-36e1346 elementor-widget elementor-widget-image\" data-id=\"36e1346\" data-element_type=\"widget\" data-e-type=\"widget\" data-widget_type=\"image.default\">\n\t\t\t\t<div class=\"elementor-widget-container\">\n\t\t\t\t\t\t\t\t\t\t\t\t\t\t\t\t<a href=\"https:\/\/omnitechhealth.omni-assistant.net\/fr\/\" target=\"_blank\">\n\t\t\t\t\t\t\t<img loading=\"lazy\" decoding=\"async\" width=\"300\" height=\"73\" src=\"https:\/\/www.omnitechlabs.net\/wp-content\/uploads\/2024\/11\/logo-omnitech-innovations.png\" class=\"elementor-animation-grow attachment-full size-full wp-image-32114\" alt=\"\" \/>\t\t\t\t\t\t\t\t<\/a>\n\t\t\t\t\t\t\t\t\t\t\t\t\t\t\t<\/div>\n\t\t\t\t<\/div>\n\t\t\r\n\t\t\t\t<div class=\"elementor-element elementor-element-26ab6c4 elementor-widget elementor-widget-image\" data-id=\"26ab6c4\" data-element_type=\"widget\" data-e-type=\"widget\" data-widget_type=\"image.default\">\n\t\t\t\t<div class=\"elementor-widget-container\">\n\t\t\t\t\t\t\t\t\t\t\t\t\t\t\t<img loading=\"lazy\" decoding=\"async\" width=\"300\" height=\"56\" src=\"https:\/\/www.omnitechlabs.net\/wp-content\/uploads\/2024\/11\/omni-assistant-software.png\" class=\"attachment-full size-full wp-image-32116\" alt=\"\" \/>\t\t\t\t\t\t\t\t\t\t\t\t\t\t\t<\/div>\n\t\t\t\t<\/div>\n\t\t\t\t<\/div>\n\t\t\r\n\t\t<div class=\"default no-position show_shadow rs-sticky-default elementor-element elementor-element-599de08 e-con-full e-flex e-con e-child\" data-id=\"599de08\" data-element_type=\"container\" data-e-type=\"container\">\n\t\t\r\n\t\t\t\t<div class=\"elementor-element elementor-element-42d74b8 elementor-vertical-align-top elementor-widget elementor-widget-image-box\" data-id=\"42d74b8\" data-element_type=\"widget\" data-e-type=\"widget\" data-widget_type=\"image-box.default\">\n\t\t\t\t<div class=\"elementor-widget-container\">\n\t\t\t\t\t<div class=\"elementor-image-box-wrapper\"><div class=\"elementor-image-box-content\"><h3 class=\"elementor-image-box-title\">Omnitech Innovations ofrece Omni-Assistant: un sistema de optimizaci\u00f3n de laboratorios y gesti\u00f3n de la calidad, conformidad y gesti\u00f3n de riesgos, el cual se complementa a la perfecci\u00f3n con el SIL OMNI-Lab (opcional)<\/h3><p class=\"elementor-image-box-description\">Omnitech Innovations es una empresa  respetada como l\u00edder en el desarrollo de soluciones de software de gesti\u00f3n de calidad (QMS) para el sector salud.\nContar con un software QMS robusto y completo es imprescindible. Dise\u00f1ado espec\u00edficamente para laboratorios, Omni-Assistant garantiza que su laboratorio est\u00e9 siempre listo para una inspecci\u00f3n.\n<\/p><\/div><\/div>\t\t\t\t<\/div>\n\t\t\t\t<\/div>\n\t\t\r\n\t\t\t\t<div class=\"elementor-element elementor-element-0fb0f5b elementor-widget elementor-widget-rs-button\" data-id=\"0fb0f5b\" data-element_type=\"widget\" data-e-type=\"widget\" data-widget_type=\"rs-button.default\">\n\t\t\t\t<div class=\"elementor-widget-container\">\n\t\t\t\t\t\t\t<div class=\"rs-button style1\">\r\n\t\t\t\t\t\t<a class=\"rs-btn\" href=\"https:\/\/omnitechhealth.omni-assistant.net\/\" target=_blank>\t\r\n\t\t\t\t<span>Ver Omnitech Innovations \r\n\t\t\t\t\t\t\t\t\t<em>\r\n\t\t\t\t\t\t<i aria-hidden=\"true\" class=\"ri-arrow-right-line\"><\/i>\t\t\t\t\t\t<i aria-hidden=\"true\" class=\"ri-arrow-right-line\"><\/i>\t\t\t\t\t<\/em>\t\r\n\t\t\t\t\t\t\t\t<\/span>\r\n\t\t\t<\/a>\r\n\t\t<\/div>\r\n\t\t\t\t<\/div>\n\t\t\t\t<\/div>\n\t\t\t\t<\/div>\n\t\t\t\t\t<\/div>\n\t\t\t\t<\/div>\n\t\t\t\t<\/div>\n\t\t","protected":false},"excerpt":{"rendered":"<p>Data Innovations ofrece el software intermediario Instrument Manager, el cual est\u00e1 integrado a OMNI-Lab \u00a1Data Innovations es el l\u00edder mundial en la interconexi\u00f3n de instrumentos en todas las disciplinas! Su software intermediario, Instrument Manager, permite que los instrumentos contin\u00faen el an\u00e1lisis y la producci\u00f3n de resultados aunque el SIL est\u00e9 en mantenimiento. Adem\u00e1s, su gran&#8230;<\/p>\n","protected":false},"author":1,"featured_media":0,"parent":0,"menu_order":0,"comment_status":"closed","ping_status":"closed","template":"","meta":{"_acf_changed":false,"footnotes":""},"class_list":["post-32737","page","type-page","status-publish","hentry"],"acf":[],"_links":{"self":[{"href":"https:\/\/www.omnitechlabs.net\/es\/wp-json\/wp\/v2\/pages\/32737","targetHints":{"allow":["GET"]}}],"collection":[{"href":"https:\/\/www.omnitechlabs.net\/es\/wp-json\/wp\/v2\/pages"}],"about":[{"href":"https:\/\/www.omnitechlabs.net\/es\/wp-json\/wp\/v2\/types\/page"}],"author":[{"embeddable":true,"href":"https:\/\/www.omnitechlabs.net\/es\/wp-json\/wp\/v2\/users\/1"}],"replies":[{"embeddable":true,"href":"https:\/\/www.omnitechlabs.net\/es\/wp-json\/wp\/v2\/comments?post=32737"}],"version-history":[{"count":19,"href":"https:\/\/www.omnitechlabs.net\/es\/wp-json\/wp\/v2\/pages\/32737\/revisions"}],"predecessor-version":[{"id":33822,"href":"https:\/\/www.omnitechlabs.net\/es\/wp-json\/wp\/v2\/pages\/32737\/revisions\/33822"}],"wp:attachment":[{"href":"https:\/\/www.omnitechlabs.net\/es\/wp-json\/wp\/v2\/media?parent=32737"}],"curies":[{"name":"wp","href":"https:\/\/api.w.org\/{rel}","templated":true}]}}