{"id":32563,"date":"2024-11-21T15:46:33","date_gmt":"2024-11-21T20:46:33","guid":{"rendered":"https:\/\/www.omnitechlabs.net\/?page_id=32563"},"modified":"2025-02-04T11:20:56","modified_gmt":"2025-02-04T16:20:56","slug":"quienes-somos","status":"publish","type":"page","link":"https:\/\/www.omnitechlabs.net\/es\/quienes-somos\/","title":{"rendered":"Qui\u00e9nes somos"},"content":{"rendered":"\t\t<div data-elementor-type=\"wp-page\" data-elementor-id=\"32563\" class=\"elementor elementor-32563 elementor-29518\" data-elementor-post-type=\"page\">\n\t\t\t\t\r\n\t\t<div class=\"default no-position show_shadow rs-sticky-default elementor-element elementor-element-8e4b0f4 e-flex e-con-boxed e-con e-parent\" data-id=\"8e4b0f4\" data-element_type=\"container\" data-e-type=\"container\">\n\t\t\t\t\t<div class=\"e-con-inner\">\n\t\t\r\n\t\t\t\t<div class=\"elementor-element elementor-element-e1ecd1d elementor-widget elementor-widget-heading\" data-id=\"e1ecd1d\" data-element_type=\"widget\" data-e-type=\"widget\" data-widget_type=\"heading.default\">\n\t\t\t\t<div class=\"elementor-widget-container\">\n\t\t\t\t\t<h3 class=\"elementor-heading-title elementor-size-default\">Misi\u00f3n y garant\u00eda de calidad<\/h3>\t\t\t\t<\/div>\n\t\t\t\t<\/div>\n\t\t\r\n\t\t\t\t<div class=\"elementor-element elementor-element-ffcd8a9 elementor-widget elementor-widget-text-editor\" data-id=\"ffcd8a9\" data-element_type=\"widget\" data-e-type=\"widget\" data-widget_type=\"text-editor.default\">\n\t\t\t\t<div class=\"elementor-widget-container\">\n\t\t\t\t\t\t\t\t\t<p>Omnitech Labs Inc. dise\u00f1a, desarrolla, produce e instala sistemas de informaci\u00f3n de laboratorio (SIL) totalmente integrados. Su producto, OMNI-Lab, se utiliza especialmente en los laboratorios m\u00e9dicos, veterinarios y de estudios cl\u00ednicos.<\/p><p>Nuestro objetivo es contribuir a la productividad de nuestros clientes, ofreciendo productos y servicios que cumplen con las normas m\u00e1s estrictas, que incorporan las mejores soluciones disponibles en el mercado y que ofrecen una tasa de disponibilidad (fiabilidad) de 99,995%.<\/p><p>Nuestra garant\u00eda de calidad implica: la implementaci\u00f3n de un sistema de gesti\u00f3n estricto, el desarrollo continuo de los procedimientos y la realizaci\u00f3n de auditor\u00edas internas integrales. El compromiso de cada miembro del equipo, al igual que la calidad de nuestros productos y servicios, nos permite alcanzar nuestros objetivos y satisfacer plenamente a nuestros clientes.<\/p>\t\t\t\t\t\t\t\t<\/div>\n\t\t\t\t<\/div>\n\t\t\t\t\t<\/div>\n\t\t\t\t<\/div>\n\t\t\r\n\t\t<div class=\"default no-position show_shadow rs-sticky-default elementor-element elementor-element-872a42c e-flex e-con-boxed e-con e-parent\" data-id=\"872a42c\" data-element_type=\"container\" data-e-type=\"container\">\n\t\t\t\t\t<div class=\"e-con-inner\">\n\t\t\r\n\t\t\t\t<div class=\"elementor-element elementor-element-daa7c6c elementor-widget elementor-widget-heading\" data-id=\"daa7c6c\" data-element_type=\"widget\" data-e-type=\"widget\" data-widget_type=\"heading.default\">\n\t\t\t\t<div class=\"elementor-widget-container\">\n\t\t\t\t\t<h3 class=\"elementor-heading-title elementor-size-default\">Historia<\/h3>\t\t\t\t<\/div>\n\t\t\t\t<\/div>\n\t\t\r\n\t\t\t\t<div class=\"elementor-element elementor-element-c7d718f elementor-widget elementor-widget-heading\" data-id=\"c7d718f\" data-element_type=\"widget\" data-e-type=\"widget\" data-widget_type=\"heading.default\">\n\t\t\t\t<div class=\"elementor-widget-container\">\n\t\t\t\t\t<h4 class=\"elementor-heading-title elementor-size-default\">40+ a\u00f1os de excelencia<\/h4>\t\t\t\t<\/div>\n\t\t\t\t<\/div>\n\t\t\r\n\t\t\t\t<div class=\"elementor-element elementor-element-ead8a76 elementor-widget elementor-widget-text-editor\" data-id=\"ead8a76\" data-element_type=\"widget\" data-e-type=\"widget\" data-widget_type=\"text-editor.default\">\n\t\t\t\t<div class=\"elementor-widget-container\">\n\t\t\t\t\t\t\t\t\t<p>Durante 40+ a\u00f1os, nuestro producto OMNI-Lab se ha considerado como uno de los sistemas de informaci\u00f3n de laboratorio (SIL) m\u00e1s eficaz del mercado. El SIL fue creado con el nombre de Cortex en 1983, representando el sistema Barret Labs \/ 3 Net Systems en California y se distribuye en Quebec desde 1987.<\/p><p>En 1994, compramos los derechos de propiedad intelectual del SIL y realizamos una reconfiguraci\u00f3n completa para integrar la tecnolog\u00eda de Windows. Luego, como pioneros en la industria, y gracias a la colaboraci\u00f3n de expertos del sector de la salud, logramos desarrollar una gama de soluciones y funcionalidades a la vez avanzadas y accesibles.<\/p><p>En 1997, una asociaci\u00f3n clave en el sector p\u00fablico favoreci\u00f3 considerablemente al desarrollo continuo de nuestros productos y servicios. En el a\u00f1o 2000, nuestro SIL se uni\u00f3 al sector privado al informatizar un laboratorio adquirido por Dynacare, el grupo de laboratorios privados m\u00e1s grande de Canad\u00e1. Ese mismo a\u00f1o, OMNI-Lab fue adaptado para los laboratorios veterinarios, especialmente para laboratorios que m\u00e1s tarde fueron comprados por la sucursal canadiense de IDEXX, un gigante del sector veterinario.<\/p><p>En el 2002, OMNI-Lab gan\u00f3 una licitaci\u00f3n del Ministerio de Salud y Servicios Sociales para la informatizaci\u00f3n de laboratorios en siete regiones de Quebec. Luego, en el 2004, un importante contrato con Dynacare, acompa\u00f1ado de una asociaci\u00f3n entre las dos empresas, nos llev\u00f3 a revisar por completo el sistema de gesti\u00f3n de \u00f3rdenes. Esta reconfiguraci\u00f3n ubic\u00f3 nuestra compa\u00f1\u00eda como l\u00edder mundial en la industria.<\/p><p>En el 2006, OMNI-Lab experiment\u00f3 otras modificaciones para el sector veterinario, esta vez para la Facultad de Medicina Veterinaria de la Universit\u00e9 de Montr\u00e9al. Luego, en el 2008, IDEXX Canada nos confi\u00f3 la implementaci\u00f3n de OMNI-Lab en sus otros laboratorios de referencia en el pa\u00eds.<\/p><p>En los \u00faltimos 10 a\u00f1os, OMNI-Lab ha logrado:<\/p>\t\t\t\t\t\t\t\t<\/div>\n\t\t\t\t<\/div>\n\t\t\t\t\t<\/div>\n\t\t\t\t<\/div>\n\t\t\r\n\t\t<div class=\"default no-position show_shadow rs-sticky-default elementor-element elementor-element-7cc8801 e-flex e-con-boxed e-con e-parent\" data-id=\"7cc8801\" data-element_type=\"container\" data-e-type=\"container\">\n\t\t\t\t\t<div class=\"e-con-inner\">\n\t\t\r\n\t\t\t\t<div class=\"elementor-element elementor-element-3eeaee5 elementor-widget elementor-widget-heading\" data-id=\"3eeaee5\" data-element_type=\"widget\" data-e-type=\"widget\" data-widget_type=\"heading.default\">\n\t\t\t\t<div class=\"elementor-widget-container\">\n\t\t\t\t\t<h5 class=\"elementor-heading-title elementor-size-default\">En los \u00faltimos 15 a\u00f1os, OMNI-Lab ha logrado:<\/h5>\t\t\t\t<\/div>\n\t\t\t\t<\/div>\n\t\t\r\n\t\t\t\t<div class=\"elementor-element elementor-element-c6515a4 elementor-icon-list--layout-traditional elementor-list-item-link-full_width elementor-widget elementor-widget-icon-list\" data-id=\"c6515a4\" data-element_type=\"widget\" data-e-type=\"widget\" data-widget_type=\"icon-list.default\">\n\t\t\t\t<div class=\"elementor-widget-container\">\n\t\t\t\t\t\t\t<ul class=\"elementor-icon-list-items\">\n\t\t\t\t\t\t\t<li class=\"elementor-icon-list-item\">\n\t\t\t\t\t\t\t\t\t\t\t<span class=\"elementor-icon-list-icon\">\n\t\t\t\t\t\t\t<svg aria-hidden=\"true\" class=\"e-font-icon-svg e-fas-chevron-right\" viewBox=\"0 0 320 512\" xmlns=\"http:\/\/www.w3.org\/2000\/svg\"><path d=\"M285.476 272.971L91.132 467.314c-9.373 9.373-24.569 9.373-33.941 0l-22.667-22.667c-9.357-9.357-9.375-24.522-.04-33.901L188.505 256 34.484 101.255c-9.335-9.379-9.317-24.544.04-33.901l22.667-22.667c9.373-9.373 24.569-9.373 33.941 0L285.475 239.03c9.373 9.372 9.373 24.568.001 33.941z\"><\/path><\/svg>\t\t\t\t\t\t<\/span>\n\t\t\t\t\t\t\t\t\t\t<span class=\"elementor-icon-list-text\">Convertirse en multisitio y multiestablecimiento, lo que le permite una conectividad entre laboratorios (Interlab);<\/span>\n\t\t\t\t\t\t\t\t\t<\/li>\n\t\t\t\t\t\t\t\t<li class=\"elementor-icon-list-item\">\n\t\t\t\t\t\t\t\t\t\t\t<span class=\"elementor-icon-list-icon\">\n\t\t\t\t\t\t\t<svg aria-hidden=\"true\" class=\"e-font-icon-svg e-fas-chevron-right\" viewBox=\"0 0 320 512\" xmlns=\"http:\/\/www.w3.org\/2000\/svg\"><path d=\"M285.476 272.971L91.132 467.314c-9.373 9.373-24.569 9.373-33.941 0l-22.667-22.667c-9.357-9.357-9.375-24.522-.04-33.901L188.505 256 34.484 101.255c-9.335-9.379-9.317-24.544.04-33.901l22.667-22.667c9.373-9.373 24.569-9.373 33.941 0L285.475 239.03c9.373 9.372 9.373 24.568.001 33.941z\"><\/path><\/svg>\t\t\t\t\t\t<\/span>\n\t\t\t\t\t\t\t\t\t\t<span class=\"elementor-icon-list-text\">La integraci\u00f3n de un m\u00f3dulo Web para consultar los resultados;<\/span>\n\t\t\t\t\t\t\t\t\t<\/li>\n\t\t\t\t\t\t\t\t<li class=\"elementor-icon-list-item\">\n\t\t\t\t\t\t\t\t\t\t\t<span class=\"elementor-icon-list-icon\">\n\t\t\t\t\t\t\t<svg aria-hidden=\"true\" class=\"e-font-icon-svg e-fas-chevron-right\" viewBox=\"0 0 320 512\" xmlns=\"http:\/\/www.w3.org\/2000\/svg\"><path d=\"M285.476 272.971L91.132 467.314c-9.373 9.373-24.569 9.373-33.941 0l-22.667-22.667c-9.357-9.357-9.375-24.522-.04-33.901L188.505 256 34.484 101.255c-9.335-9.379-9.317-24.544.04-33.901l22.667-22.667c9.373-9.373 24.569-9.373 33.941 0L285.475 239.03c9.373 9.372 9.373 24.568.001 33.941z\"><\/path><\/svg>\t\t\t\t\t\t<\/span>\n\t\t\t\t\t\t\t\t\t\t<span class=\"elementor-icon-list-text\">La integraci\u00f3n de otras soluciones avanzadas: <\/span>\n\t\t\t\t\t\t\t\t\t<\/li>\n\t\t\t\t\t\t<\/ul>\n\t\t\t\t\t\t<\/div>\n\t\t\t\t<\/div>\n\t\t\r\n\t\t\t\t<div class=\"elementor-element elementor-element-1efe1f3 elementor-icon-list--layout-traditional elementor-list-item-link-full_width elementor-widget elementor-widget-icon-list\" data-id=\"1efe1f3\" data-element_type=\"widget\" data-e-type=\"widget\" data-widget_type=\"icon-list.default\">\n\t\t\t\t<div class=\"elementor-widget-container\">\n\t\t\t\t\t\t\t<ul class=\"elementor-icon-list-items\">\n\t\t\t\t\t\t\t<li class=\"elementor-icon-list-item\">\n\t\t\t\t\t\t\t\t\t\t\t<span class=\"elementor-icon-list-icon\">\n\t\t\t\t\t\t\t<svg aria-hidden=\"true\" class=\"e-font-icon-svg e-fas-angle-double-right\" viewBox=\"0 0 448 512\" xmlns=\"http:\/\/www.w3.org\/2000\/svg\"><path d=\"M224.3 273l-136 136c-9.4 9.4-24.6 9.4-33.9 0l-22.6-22.6c-9.4-9.4-9.4-24.6 0-33.9l96.4-96.4-96.4-96.4c-9.4-9.4-9.4-24.6 0-33.9L54.3 103c9.4-9.4 24.6-9.4 33.9 0l136 136c9.5 9.4 9.5 24.6.1 34zm192-34l-136-136c-9.4-9.4-24.6-9.4-33.9 0l-22.6 22.6c-9.4 9.4-9.4 24.6 0 33.9l96.4 96.4-96.4 96.4c-9.4 9.4-9.4 24.6 0 33.9l22.6 22.6c9.4 9.4 24.6 9.4 33.9 0l136-136c9.4-9.2 9.4-24.4 0-33.8z\"><\/path><\/svg>\t\t\t\t\t\t<\/span>\n\t\t\t\t\t\t\t\t\t\t<span class=\"elementor-icon-list-text\">Instrument Manager de Data Innovations;<\/span>\n\t\t\t\t\t\t\t\t\t<\/li>\n\t\t\t\t\t\t\t\t<li class=\"elementor-icon-list-item\">\n\t\t\t\t\t\t\t\t\t\t\t<span class=\"elementor-icon-list-icon\">\n\t\t\t\t\t\t\t<svg aria-hidden=\"true\" class=\"e-font-icon-svg e-fas-angle-double-right\" viewBox=\"0 0 448 512\" xmlns=\"http:\/\/www.w3.org\/2000\/svg\"><path d=\"M224.3 273l-136 136c-9.4 9.4-24.6 9.4-33.9 0l-22.6-22.6c-9.4-9.4-9.4-24.6 0-33.9l96.4-96.4-96.4-96.4c-9.4-9.4-9.4-24.6 0-33.9L54.3 103c9.4-9.4 24.6-9.4 33.9 0l136 136c9.5 9.4 9.5 24.6.1 34zm192-34l-136-136c-9.4-9.4-24.6-9.4-33.9 0l-22.6 22.6c-9.4 9.4-9.4 24.6 0 33.9l96.4 96.4-96.4 96.4c-9.4 9.4-9.4 24.6 0 33.9l22.6 22.6c9.4 9.4 24.6 9.4 33.9 0l136-136c9.4-9.2 9.4-24.4 0-33.8z\"><\/path><\/svg>\t\t\t\t\t\t<\/span>\n\t\t\t\t\t\t\t\t\t\t<span class=\"elementor-icon-list-text\">Unity Real Time de Bio-Rad (opcional);<\/span>\n\t\t\t\t\t\t\t\t\t<\/li>\n\t\t\t\t\t\t\t\t<li class=\"elementor-icon-list-item\">\n\t\t\t\t\t\t\t\t\t\t\t<span class=\"elementor-icon-list-icon\">\n\t\t\t\t\t\t\t<svg aria-hidden=\"true\" class=\"e-font-icon-svg e-fas-angle-double-right\" viewBox=\"0 0 448 512\" xmlns=\"http:\/\/www.w3.org\/2000\/svg\"><path d=\"M224.3 273l-136 136c-9.4 9.4-24.6 9.4-33.9 0l-22.6-22.6c-9.4-9.4-9.4-24.6 0-33.9l96.4-96.4-96.4-96.4c-9.4-9.4-9.4-24.6 0-33.9L54.3 103c9.4-9.4 24.6-9.4 33.9 0l136 136c9.5 9.4 9.5 24.6.1 34zm192-34l-136-136c-9.4-9.4-24.6-9.4-33.9 0l-22.6 22.6c-9.4 9.4-9.4 24.6 0 33.9l96.4 96.4-96.4 96.4c-9.4 9.4-9.4 24.6 0 33.9l22.6 22.6c9.4 9.4 24.6 9.4 33.9 0l136-136c9.4-9.2 9.4-24.4 0-33.8z\"><\/path><\/svg>\t\t\t\t\t\t<\/span>\n\t\t\t\t\t\t\t\t\t\t<span class=\"elementor-icon-list-text\">Omni-Assistant de Omnitech Health, que lo complementa perfectamente y es opcional;<\/span>\n\t\t\t\t\t\t\t\t\t<\/li>\n\t\t\t\t\t\t<\/ul>\n\t\t\t\t\t\t<\/div>\n\t\t\t\t<\/div>\n\t\t\r\n\t\t\t\t<div class=\"elementor-element elementor-element-c93a1a1 elementor-icon-list--layout-traditional elementor-list-item-link-full_width elementor-widget elementor-widget-icon-list\" data-id=\"c93a1a1\" data-element_type=\"widget\" data-e-type=\"widget\" data-widget_type=\"icon-list.default\">\n\t\t\t\t<div class=\"elementor-widget-container\">\n\t\t\t\t\t\t\t<ul class=\"elementor-icon-list-items\">\n\t\t\t\t\t\t\t<li class=\"elementor-icon-list-item\">\n\t\t\t\t\t\t\t\t\t\t\t<span class=\"elementor-icon-list-icon\">\n\t\t\t\t\t\t\t<svg aria-hidden=\"true\" class=\"e-font-icon-svg e-fas-chevron-right\" viewBox=\"0 0 320 512\" xmlns=\"http:\/\/www.w3.org\/2000\/svg\"><path d=\"M285.476 272.971L91.132 467.314c-9.373 9.373-24.569 9.373-33.941 0l-22.667-22.667c-9.357-9.357-9.375-24.522-.04-33.901L188.505 256 34.484 101.255c-9.335-9.379-9.317-24.544.04-33.901l22.667-22.667c9.373-9.373 24.569-9.373 33.941 0L285.475 239.03c9.373 9.372 9.373 24.568.001 33.941z\"><\/path><\/svg>\t\t\t\t\t\t<\/span>\n\t\t\t\t\t\t\t\t\t\t<span class=\"elementor-icon-list-text\">La integraci\u00f3n de una cantidad impresionante de nuevas funcionalidades, que no cesan de aumentar.<\/span>\n\t\t\t\t\t\t\t\t\t<\/li>\n\t\t\t\t\t\t<\/ul>\n\t\t\t\t\t\t<\/div>\n\t\t\t\t<\/div>\n\t\t\r\n\t\t\t\t<div class=\"elementor-element elementor-element-6384875 elementor-widget elementor-widget-text-editor\" data-id=\"6384875\" data-element_type=\"widget\" data-e-type=\"widget\" data-widget_type=\"text-editor.default\">\n\t\t\t\t<div class=\"elementor-widget-container\">\n\t\t\t\t\t\t\t\t\t<p>Durante 40+ a\u00f1os, nuestro equipo experimentado y completamente dedicado a los servicios de laboratorio, ha concentrado todos sus esfuerzos en el desarrollo y la perfecci\u00f3n del SIL, sin nunca descuidar el servicio de atenci\u00f3n al cliente.<\/p><p>Todo esto, combinado con la fiabilidad y la facilidad de uso de OMNI-Lab, contribuye a la optimizaci\u00f3n de la productividad de los laboratorios. Es un orgullo para nosotros poder ofrecer nuestro SIL a laboratorios grandes y peque\u00f1os en el sector de la salud, ya sea a nivel nacional o internacional.<\/p>\t\t\t\t\t\t\t\t<\/div>\n\t\t\t\t<\/div>\n\t\t\t\t\t<\/div>\n\t\t\t\t<\/div>\n\t\t\t\t<\/div>\n\t\t","protected":false},"excerpt":{"rendered":"<p>Misi\u00f3n y garant\u00eda de calidad Omnitech Labs Inc. dise\u00f1a, desarrolla, produce e instala sistemas de informaci\u00f3n de laboratorio (SIL) totalmente integrados. Su producto, OMNI-Lab, se utiliza especialmente en los laboratorios m\u00e9dicos, veterinarios y de estudios cl\u00ednicos. Nuestro objetivo es contribuir a la productividad de nuestros clientes, ofreciendo productos y servicios que cumplen con las normas&#8230;<\/p>\n","protected":false},"author":1,"featured_media":0,"parent":0,"menu_order":0,"comment_status":"closed","ping_status":"closed","template":"","meta":{"_acf_changed":false,"footnotes":""},"class_list":["post-32563","page","type-page","status-publish","hentry"],"acf":[],"_links":{"self":[{"href":"https:\/\/www.omnitechlabs.net\/es\/wp-json\/wp\/v2\/pages\/32563","targetHints":{"allow":["GET"]}}],"collection":[{"href":"https:\/\/www.omnitechlabs.net\/es\/wp-json\/wp\/v2\/pages"}],"about":[{"href":"https:\/\/www.omnitechlabs.net\/es\/wp-json\/wp\/v2\/types\/page"}],"author":[{"embeddable":true,"href":"https:\/\/www.omnitechlabs.net\/es\/wp-json\/wp\/v2\/users\/1"}],"replies":[{"embeddable":true,"href":"https:\/\/www.omnitechlabs.net\/es\/wp-json\/wp\/v2\/comments?post=32563"}],"version-history":[{"count":7,"href":"https:\/\/www.omnitechlabs.net\/es\/wp-json\/wp\/v2\/pages\/32563\/revisions"}],"predecessor-version":[{"id":33180,"href":"https:\/\/www.omnitechlabs.net\/es\/wp-json\/wp\/v2\/pages\/32563\/revisions\/33180"}],"wp:attachment":[{"href":"https:\/\/www.omnitechlabs.net\/es\/wp-json\/wp\/v2\/media?parent=32563"}],"curies":[{"name":"wp","href":"https:\/\/api.w.org\/{rel}","templated":true}]}}